{"id":718,"date":"2018-01-12T15:13:53","date_gmt":"2018-01-12T15:13:53","guid":{"rendered":"https:\/\/weaveart.hu\/rolam\/"},"modified":"2023-05-12T18:49:07","modified_gmt":"2023-05-12T18:49:07","slug":"about-me","status":"publish","type":"page","link":"https:\/\/weaveart.hu\/en\/about-me\/","title":{"rendered":"About Me"},"content":{"rendered":"\t<section class=\"section\" id=\"section_2083818791\">\n\t\t<div class=\"bg section-bg fill bg-fill  bg-loaded\" >\n\n\t\t\t\n\t\t\t\n\t\t\t\n\n\t\t<\/div>\n\n\t\t\n\n\t\t<div class=\"section-content relative\">\n\t\t\t\n<div class=\"row align-center\"  id=\"row-1012806001\">\n\n\t<div id=\"col-221642471\" class=\"col small-12 large-12\"  >\n\t\t\t\t<div class=\"col-inner text-center\"  >\n\t\t\t\n\t\t\t\n<h1 class=\"uppercase\">About Me<\/h1>\n<div class=\"text-center\"><div class=\"is-divider divider clearfix\" style=\"margin-top:1.5em;margin-bottom:1.5em;max-width:90px;background-color:rgb(171, 139, 43);\"><\/div><\/div>\n\t\t<\/div>\n\t\t\t\t\n<style>\n#col-221642471 > .col-inner {\n  padding: 40px 0px 0px 0px;\n}\n<\/style>\n\t<\/div>\n\n\t\n\n<style>\n#row-1012806001 > .col > .col-inner {\n  padding: 0px 0px 0px 0px;\n}\n<\/style>\n<\/div>\n\t\t<\/div>\n\n\t\t\n<style>\n#section_2083818791 {\n  padding-top: 0px;\n  padding-bottom: 0px;\n}\n<\/style>\n\t<\/section>\n\t\n\t<section class=\"section\" id=\"section_411082164\">\n\t\t<div class=\"bg section-bg fill bg-fill  bg-loaded\" >\n\n\t\t\t\n\t\t\t\n\t\t\t\n\n\t\t<\/div>\n\n\t\t\n\n\t\t<div class=\"section-content relative\">\n\t\t\t\n<div class=\"row row-large align-equal\"  id=\"row-1842599531\">\n\n\t<div id=\"col-1616710362\" class=\"col youtube_holder small-12 large-12\"  >\n\t\t\t\t<div class=\"col-inner\"  >\n\t\t\t\n\t\t\t\n<p><video autoplay=\"autoplay\" controls=\"controls\" width=\"100%\"><source src=\"https:\/\/weaveart.hu\/SzittnerAndrea_video.mp4\" type=\"video\/mp4\"><\/video><\/p>\n\t\t<\/div>\n\t\t\t\t\t<\/div>\n\n\t\n\n<style>\n#row-1842599531 > .col > .col-inner {\n  padding: 30px 0px 0px 0px;\n}\n<\/style>\n<\/div>\n\t\t<\/div>\n\n\t\t\n<style>\n#section_411082164 {\n  padding-top: 0px;\n  padding-bottom: 0px;\n}\n<\/style>\n\t<\/section>\n\t\n\t<section class=\"section\" id=\"section_346535535\">\n\t\t<div class=\"bg section-bg fill bg-fill  bg-loaded\" >\n\n\t\t\t\n\t\t\t\n\t\t\t\n\n\t\t<\/div>\n\n\t\t\n\n\t\t<div class=\"section-content relative\">\n\t\t\t\n<div class=\"row row-large align-equal\"  id=\"row-1420802732\">\n\n\t<div id=\"col-2041738486\" class=\"col medium-6 small-12 large-6\"  >\n\t\t\t\t<div class=\"col-inner\"  >\n\t\t\t\n\t\t\t\n<p>I have been dealing with textile arts for decades.<\/p>\n<p>My main field of expertise is hand-weaving, but the task determines what technique I choose.\u00a0Clothes, home textiles, wall-textiles, etc. are the main areas of my work. I combine the centuries-old techniques with the most modern materials.<\/p>\n<p>I like nature, when I have the opportunity, I use silk, noble wool and linen thread. But I also like to use yarns of the most fashionable colours and composition. This is especially important when making clothes.<\/p>\n<p>I design functional, wearable clothes for all ages, for everyday and occasional use. My aim is to make them fit harmoniously with the existing wardrobe.<\/p>\n<p>I also offer accessories such as stoles, scarves, caps, vests.<\/p>\n<p>Every piece produced on my loom is one of a kind. For me, this creation is a great pleasure, and I would like it to mean the same for its wearer.<\/p>\n<p style=\"text-align: right;\">Szittner Andrea<\/p>\n\t\t<\/div>\n\t\t\t\t\n<style>\n#col-2041738486 > .col-inner {\n  padding: 0px 0px 0px 0px;\n  margin: 40px 0px 0px 0px;\n}\n<\/style>\n\t<\/div>\n\n\t\n\n\t<div id=\"col-1697127813\" class=\"col medium-6 small-12 large-6\"  >\n\t\t\t\t<div class=\"col-inner\"  >\n\t\t\t\n\t\t\t\n\t<div class=\"img has-hover x md-x lg-x y md-y lg-y\" id=\"image_953595782\">\n\t\t\t\t\t\t\t\t<div class=\"img-inner image-cover dark\" style=\"padding-top:570px;\">\n\t\t\t<img width=\"500\" height=\"667\" src=\"https:\/\/weaveart.hu\/wp-content\/uploads\/2018\/01\/andrea_studio.jpg\" class=\"attachment-large size-large\" alt=\"\" decoding=\"async\" loading=\"lazy\" srcset=\"https:\/\/weaveart.hu\/wp-content\/uploads\/2018\/01\/andrea_studio.jpg 500w, https:\/\/weaveart.hu\/wp-content\/uploads\/2018\/01\/andrea_studio-225x300.jpg 225w\" sizes=\"(max-width: 500px) 100vw, 500px\" \/>\t\t\t\t\t\t\n\t\t\t\t\t<\/div>\n\t\t\t\t\t\t\t\t\n<style>\n#image_953595782 {\n  width: 100%;\n}\n<\/style>\n\t<\/div>\n\t\n\t\t<\/div>\n\t\t\t\t\n<style>\n#col-1697127813 > .col-inner {\n  padding: 0px 0px 0px 0px;\n  margin: 40px 0px 0px 0px;\n}\n<\/style>\n\t<\/div>\n\n\t\n\n<style>\n#row-1420802732 > .col > .col-inner {\n  padding: 30px 0px 0px 0px;\n}\n<\/style>\n<\/div>\n\t\t<\/div>\n\n\t\t\n<style>\n#section_346535535 {\n  padding-top: 0px;\n  padding-bottom: 0px;\n}\n<\/style>\n\t<\/section>\n\t\n\t<section class=\"section\" id=\"section_101420476\">\n\t\t<div class=\"bg section-bg fill bg-fill  bg-loaded\" >\n\n\t\t\t\n\t\t\t\n\t\t\t\n\n\t\t<\/div>\n\n\t\t\n\n\t\t<div class=\"section-content relative\">\n\t\t\t\n<div class=\"row align-center\"  id=\"row-1291222498\">\n\n\t<div id=\"col-2084234074\" class=\"col small-12 large-12\"  >\n\t\t\t\t<div class=\"col-inner text-center\"  >\n\t\t\t\n\t\t\t\n<h2 style=\"text-align: center;text-transform:uppercase;\">Contact<\/h2>\n<div class=\"text-center\"><div class=\"is-divider divider clearfix\" style=\"max-width:90px;background-color:rgb(171, 139, 43);\"><\/div><\/div>\n\t\t<\/div>\n\t\t\t\t\t<\/div>\n\n\t\n<\/div>\n<div class=\"row\"  id=\"row-900168530\">\n\n\t<div id=\"col-827473804\" class=\"col medium-4 small-12 large-4\"  >\n\t\t\t\t<div class=\"col-inner text-center\"  >\n\t\t\t\n\t\t\t\n<h3 class=\"uppercase\" style=\"text-align: center;\"><span data-text-color=\"primary\">Buy<\/span><\/h3>\n<p style=\"margin:25px 0px\">Munk\u00e1im megv\u00e1s\u00e1rolhat\u00f3k <br \/>az Akkord Csoport \u00fczlet\u00e9ben.<\/p>\n<a rel=\"noopener noreferrer\" href=\"http:\/\/www.etsy.com\/shop\/Akkord\" target=\"_blank\" class=\"button primary is-outline\"  >\n    <span>go to etsy<\/span>\n  <\/a>\n\n\t\t<\/div>\n\t\t\t\t\t<\/div>\n\n\t\n\n\t<div id=\"col-750484160\" class=\"col medium-4 small-12 large-4\"  >\n\t\t\t\t<div class=\"col-inner text-center\"  >\n\t\t\t\n\t\t\t\n<h3 class=\"uppercase\" style=\"text-align: center;\"><span data-text-color=\"primary\">Studio<\/span><\/h3>\n<p style=\"margin:25px 0px\">El\u0151zetes egyeztet\u00e9s ut\u00e1n munk\u00e1im <br \/>a m\u0171teremben is megtekinthet\u0151k.<\/p>\n<a rel=\"noopener noreferrer\" href=\"mailto:szitrea@t-online.hu\" target=\"_blank\" class=\"button primary is-outline\"  >\n    <span>send e-mail<\/span>\n  <\/a>\n\n\t\t<\/div>\n\t\t\t\t\t<\/div>\n\n\t\n\n\t<div id=\"col-789595785\" class=\"col medium-4 small-12 large-4\"  >\n\t\t\t\t<div class=\"col-inner text-center\"  >\n\t\t\t\n\t\t\t\n<h3 class=\"uppercase\"><span data-text-color=\"primary\">Facebook<\/span><\/h3>\n<p style=\"margin:25px 0px\">K\u00f6vesse az Akkord Csoport<br \/> Facebook oldal\u00e1t!<\/p>\n<a rel=\"noopener noreferrer\" href=\"https:\/\/www.facebook.com\/AkkordShop\/\" target=\"_blank\" class=\"button primary is-outline\"  >\n    <span>go to facebook<\/span>\n  <\/a>\n\n\t\t<\/div>\n\t\t\t\t\t<\/div>\n\n\t\n<\/div>\n\t\t<\/div>\n\n\t\t\n<style>\n#section_101420476 {\n  padding-top: 30px;\n  padding-bottom: 30px;\n}\n<\/style>\n\t<\/section>\n\t\n","protected":false},"excerpt":{"rendered":"","protected":false},"author":1,"featured_media":0,"parent":0,"menu_order":0,"comment_status":"closed","ping_status":"closed","template":"page-blank.php","meta":{"ngg_post_thumbnail":0},"yoast_head":"<!-- This site is optimized with the Yoast SEO plugin v20.8 - https:\/\/yoast.com\/wordpress\/plugins\/seo\/ -->\n<title>About Me - Weaveart<\/title>\n<meta name=\"robots\" content=\"index, follow, max-snippet:-1, max-image-preview:large, max-video-preview:-1\" \/>\n<link rel=\"canonical\" href=\"https:\/\/weaveart.hu\/en\/about-me\/\" \/>\n<meta property=\"og:locale\" content=\"en_US\" \/>\n<meta property=\"og:type\" content=\"article\" \/>\n<meta property=\"og:title\" content=\"About Me - Weaveart\" \/>\n<meta property=\"og:url\" content=\"https:\/\/weaveart.hu\/en\/about-me\/\" \/>\n<meta property=\"og:site_name\" content=\"Weaveart\" \/>\n<meta property=\"article:modified_time\" content=\"2023-05-12T18:49:07+00:00\" \/>\n<meta name=\"twitter:card\" content=\"summary_large_image\" \/>\n<meta name=\"twitter:label1\" content=\"Est. reading time\" \/>\n\t<meta name=\"twitter:data1\" content=\"2 minutes\" \/>\n<script type=\"application\/ld+json\" class=\"yoast-schema-graph\">{\"@context\":\"https:\/\/schema.org\",\"@graph\":[{\"@type\":\"WebPage\",\"@id\":\"https:\/\/weaveart.hu\/en\/about-me\/\",\"url\":\"https:\/\/weaveart.hu\/en\/about-me\/\",\"name\":\"About Me - Weaveart\",\"isPartOf\":{\"@id\":\"https:\/\/weaveart.hu\/#website\"},\"datePublished\":\"2018-01-12T15:13:53+00:00\",\"dateModified\":\"2023-05-12T18:49:07+00:00\",\"breadcrumb\":{\"@id\":\"https:\/\/weaveart.hu\/en\/about-me\/#breadcrumb\"},\"inLanguage\":\"en-US\",\"potentialAction\":[{\"@type\":\"ReadAction\",\"target\":[\"https:\/\/weaveart.hu\/en\/about-me\/\"]}]},{\"@type\":\"BreadcrumbList\",\"@id\":\"https:\/\/weaveart.hu\/en\/about-me\/#breadcrumb\",\"itemListElement\":[{\"@type\":\"ListItem\",\"position\":1,\"name\":\"Kezd\u0151lap\",\"item\":\"https:\/\/weaveart.hu\/en\/\"},{\"@type\":\"ListItem\",\"position\":2,\"name\":\"About Me\"}]},{\"@type\":\"WebSite\",\"@id\":\"https:\/\/weaveart.hu\/#website\",\"url\":\"https:\/\/weaveart.hu\/\",\"name\":\"Weaveart\",\"description\":\"Egyedi \u00f6lt\u00f6z\u00e9kek, textilek, kieg\u00e9sz\u00edt\u0151k\",\"potentialAction\":[{\"@type\":\"SearchAction\",\"target\":{\"@type\":\"EntryPoint\",\"urlTemplate\":\"https:\/\/weaveart.hu\/?s={search_term_string}\"},\"query-input\":\"required name=search_term_string\"}],\"inLanguage\":\"en-US\"}]}<\/script>\n<!-- \/ Yoast SEO plugin. -->","yoast_head_json":{"title":"About Me - Weaveart","robots":{"index":"index","follow":"follow","max-snippet":"max-snippet:-1","max-image-preview":"max-image-preview:large","max-video-preview":"max-video-preview:-1"},"canonical":"https:\/\/weaveart.hu\/en\/about-me\/","og_locale":"en_US","og_type":"article","og_title":"About Me - Weaveart","og_url":"https:\/\/weaveart.hu\/en\/about-me\/","og_site_name":"Weaveart","article_modified_time":"2023-05-12T18:49:07+00:00","twitter_card":"summary_large_image","twitter_misc":{"Est. reading time":"2 minutes"},"schema":{"@context":"https:\/\/schema.org","@graph":[{"@type":"WebPage","@id":"https:\/\/weaveart.hu\/en\/about-me\/","url":"https:\/\/weaveart.hu\/en\/about-me\/","name":"About Me - Weaveart","isPartOf":{"@id":"https:\/\/weaveart.hu\/#website"},"datePublished":"2018-01-12T15:13:53+00:00","dateModified":"2023-05-12T18:49:07+00:00","breadcrumb":{"@id":"https:\/\/weaveart.hu\/en\/about-me\/#breadcrumb"},"inLanguage":"en-US","potentialAction":[{"@type":"ReadAction","target":["https:\/\/weaveart.hu\/en\/about-me\/"]}]},{"@type":"BreadcrumbList","@id":"https:\/\/weaveart.hu\/en\/about-me\/#breadcrumb","itemListElement":[{"@type":"ListItem","position":1,"name":"Kezd\u0151lap","item":"https:\/\/weaveart.hu\/en\/"},{"@type":"ListItem","position":2,"name":"About Me"}]},{"@type":"WebSite","@id":"https:\/\/weaveart.hu\/#website","url":"https:\/\/weaveart.hu\/","name":"Weaveart","description":"Egyedi \u00f6lt\u00f6z\u00e9kek, textilek, kieg\u00e9sz\u00edt\u0151k","potentialAction":[{"@type":"SearchAction","target":{"@type":"EntryPoint","urlTemplate":"https:\/\/weaveart.hu\/?s={search_term_string}"},"query-input":"required name=search_term_string"}],"inLanguage":"en-US"}]}},"_links":{"self":[{"href":"https:\/\/weaveart.hu\/en\/wp-json\/wp\/v2\/pages\/718"}],"collection":[{"href":"https:\/\/weaveart.hu\/en\/wp-json\/wp\/v2\/pages"}],"about":[{"href":"https:\/\/weaveart.hu\/en\/wp-json\/wp\/v2\/types\/page"}],"author":[{"embeddable":true,"href":"https:\/\/weaveart.hu\/en\/wp-json\/wp\/v2\/users\/1"}],"replies":[{"embeddable":true,"href":"https:\/\/weaveart.hu\/en\/wp-json\/wp\/v2\/comments?post=718"}],"version-history":[{"count":0,"href":"https:\/\/weaveart.hu\/en\/wp-json\/wp\/v2\/pages\/718\/revisions"}],"wp:attachment":[{"href":"https:\/\/weaveart.hu\/en\/wp-json\/wp\/v2\/media?parent=718"}],"curies":[{"name":"wp","href":"https:\/\/api.w.org\/{rel}","templated":true}]}}